{"id":11,"date":"2013-05-28T18:21:45","date_gmt":"2013-05-28T16:21:45","guid":{"rendered":"http:\/\/hochzeitsoldtimer-hamburg.de\/?page_id=11"},"modified":"2022-11-21T22:11:25","modified_gmt":"2022-11-21T20:11:25","slug":"impressum","status":"publish","type":"page","link":"http:\/\/www.hochzeitsoldtimer-hamburg.de\/?page_id=11","title":{"rendered":"Impressum"},"content":{"rendered":"<p><span style=\"font-size: 16px;\">Impressum<\/span><\/p>\n<p>Dieter Euler<br \/>\nGussau 17b<br \/>\n22359 Hamburg<br \/>\nE-Mail: kontakt@hochzeitsoldtimer-hamburg.de<br \/>\nTel: +49 (0)40 &#8211; 60950703<br \/>\nFax: +49 (0)40 &#8211; 60950707<\/p>\n<p>UStID\u00a0 DE 41794386025<\/p>\n<p>Unverbindlichkeit der Informationen:<\/p>\n<p>Die Inhalte dieser Website werden mit gr\u00f6\u00dftm\u00f6glicher Sorgfalt recherchiert. F\u00fcr Richtigkeit, Vollst\u00e4ndigkeit und Aktualit\u00e4t der dargestellten Texte wird keine Gew\u00e4hr \u00fcbernommen. Dar\u00fcber hinaus ist jegliche Haftung, insbesondere f\u00fcr eventuelle Sch\u00e4den oder Konsequenzen, die durch die Nutzung der angebotenen Darstellung entstehen, ausgeschlossen.<\/p>\n<p>Urheberrechtshinweise:<\/p>\n<p>Alle auf dieser Website ver\u00f6ffentlichten Beitr\u00e4ge und Abbildungen sind urheberrechtlich gesch\u00fctzt. Jede vom Urheberrechtsgesetz nicht zugelassene Verwertung bedarf vorheriger schriftlicher Zustimmung des Anbieters. Es ist ausdr\u00fccklich untersagt das hier publizierte Bild- und Textmaterial oder Teile davon zu verwenden oder an Dritte weiter zu geben. Wir machen darauf aufmerksam, dass bei Missbrauch ausnahmslos Strafanzeige erstattet, sowie eine schadenersatzpflichtige Klage eingereicht wird! Der Streitwert betr\u00e4gt 250.000 Euro. Bei Fragen kontaktieren Sie uns bitte!<\/p>\n<p>Externe Links:<\/p>\n<p>Soweit wir auf unseren Seiten Links zu anderen Seiten im Internet gelegt haben gilt: Wir haben keinerlei Einfluss auf die Gestaltung und die Inhalte der gelinkten Seiten. Die Inhalte externer Links werden von uns nicht gepr\u00fcft. Sie unterliegen der Haftung der jeweiligen Anbieter. Deshalb distanzieren wir uns hiermit ausdr\u00fccklich von allen Inhalten aller gelinkten Seiten auf unserer Internetpr\u00e4senz und machen uns diese Inhalte nicht zu Eigen. Diese Erkl\u00e4rung gilt f\u00fcr alle auf unserer Internetpr\u00e4senz angezeigten Links und f\u00fcr alle Inhalte der Seiten, zu denen die bei uns angemeldeten Banner und Links f\u00fchren.<\/p>\n<p>Herausgeber dieser Webseite:<\/p>\n<p>Dieter Euler<\/p>\n<p>UStID\u00a0 DE267838903<\/p>\n<p>Jede nicht genehmigte Verwendung, auch auszugsweise, wird abgemahnt und zivilrechtlich verfolgt.<\/p>\n<p>Fotos:<\/p>\n<p>Fotocredit Maria Heggemann<\/p>\n","protected":false},"excerpt":{"rendered":"<p>Impressum Dieter Euler Gussau 17b 22359 Hamburg E-Mail: kontakt@hochzeitsoldtimer-hamburg.de Tel: +49 (0)40 &#8211; 60950703 Fax: +49 (0)40 &#8211; 60950707 UStID\u00a0 DE 41794386025 Unverbindlichkeit der Informationen: Die Inhalte dieser Website werden mit gr\u00f6\u00dftm\u00f6glicher Sorgfalt recherchiert. F\u00fcr Richtigkeit, Vollst\u00e4ndigkeit und Aktualit\u00e4t der &hellip; <a href=\"http:\/\/www.hochzeitsoldtimer-hamburg.de\/?page_id=11\">Weiterlesen <span class=\"meta-nav\">&rarr;<\/span><\/a><\/p>\n","protected":false},"author":1,"featured_media":0,"parent":0,"menu_order":0,"comment_status":"closed","ping_status":"open","template":"onecolumn-page.php","meta":{"ngg_post_thumbnail":0,"_themeisle_gutenberg_block_has_review":false,"footnotes":""},"class_list":["post-11","page","type-page","status-publish","hentry"],"_links":{"self":[{"href":"http:\/\/www.hochzeitsoldtimer-hamburg.de\/index.php?rest_route=\/wp\/v2\/pages\/11","targetHints":{"allow":["GET"]}}],"collection":[{"href":"http:\/\/www.hochzeitsoldtimer-hamburg.de\/index.php?rest_route=\/wp\/v2\/pages"}],"about":[{"href":"http:\/\/www.hochzeitsoldtimer-hamburg.de\/index.php?rest_route=\/wp\/v2\/types\/page"}],"author":[{"embeddable":true,"href":"http:\/\/www.hochzeitsoldtimer-hamburg.de\/index.php?rest_route=\/wp\/v2\/users\/1"}],"replies":[{"embeddable":true,"href":"http:\/\/www.hochzeitsoldtimer-hamburg.de\/index.php?rest_route=%2Fwp%2Fv2%2Fcomments&post=11"}],"version-history":[{"count":7,"href":"http:\/\/www.hochzeitsoldtimer-hamburg.de\/index.php?rest_route=\/wp\/v2\/pages\/11\/revisions"}],"predecessor-version":[{"id":173,"href":"http:\/\/www.hochzeitsoldtimer-hamburg.de\/index.php?rest_route=\/wp\/v2\/pages\/11\/revisions\/173"}],"wp:attachment":[{"href":"http:\/\/www.hochzeitsoldtimer-hamburg.de\/index.php?rest_route=%2Fwp%2Fv2%2Fmedia&parent=11"}],"curies":[{"name":"wp","href":"https:\/\/api.w.org\/{rel}","templated":true}]}}