{"id":17,"date":"2013-05-28T18:23:50","date_gmt":"2013-05-28T16:23:50","guid":{"rendered":"http:\/\/hochzeitsoldtimer-hamburg.de\/?page_id=17"},"modified":"2022-11-23T18:15:21","modified_gmt":"2022-11-23T16:15:21","slug":"unser-service","status":"publish","type":"page","link":"http:\/\/www.hochzeitsoldtimer-hamburg.de\/?page_id=17","title":{"rendered":"Unser Service"},"content":{"rendered":"<p><span style=\"font-size: 12pt;\"><strong>Unser Service f\u00fcr Sie &#8211; w\u00e4hlen Sie aus folgenden Paketen:<\/strong><\/span><\/p>\n<p><strong>Paket 1: Ideal f\u00fcr die Fahrt in Ihre Flitterwochen &#8211; egal ob zum Hotel oder zum Flughafen<\/strong><a href=\"http:\/\/hochzeitsoldtimer-hamburg.de\/wp-content\/uploads\/2013\/06\/IMG_3302_bea.jpg\"><img loading=\"lazy\" decoding=\"async\" class=\"size-medium wp-image-70 alignright\" src=\"http:\/\/hochzeitsoldtimer-hamburg.de\/wp-content\/uploads\/2013\/06\/IMG_3302_bea-300x200.jpg\" alt=\"IMG_3302_bea\" width=\"300\" height=\"200\" srcset=\"http:\/\/www.hochzeitsoldtimer-hamburg.de\/wp-content\/uploads\/2013\/06\/IMG_3302_bea-300x200.jpg 300w, http:\/\/www.hochzeitsoldtimer-hamburg.de\/wp-content\/uploads\/2013\/06\/IMG_3302_bea-950x633.jpg 950w, http:\/\/www.hochzeitsoldtimer-hamburg.de\/wp-content\/uploads\/2013\/06\/IMG_3302_bea.jpg 1024w\" sizes=\"auto, (max-width: 300px) 100vw, 300px\" \/><\/a><\/p>\n<ul>\n<li>Mietdauer: 2 Stunden (jede weitere angefangene Stunde wird mit 75,00\u20ac berechnet)<\/li>\n<li>75 km inclusive (An-\/Abreise nach Volksdorf)(jeder weitere angefangene Kilometer wird mit 0,50\u20ac berechnet)<\/li>\n<li>Chauffeur inclusive<\/li>\n<li>Benzin inclusive<\/li>\n<li>M\u00f6glichkeit f\u00fcr ein Fotoshooting im Fahrzeug inclusive<\/li>\n<li>Preis: 250\u20ac<\/li>\n<\/ul>\n<p><strong>Paket 2: Ideal f\u00fcr Ihre Traumhochzeit<\/strong><\/p>\n<ul>\n<li><span style=\"font-size: 12pt;\">Mietdauer: 4 Stunden (jede weitere angefangene Stunde wird mit 75,00\u20ac berechnet)<\/span><\/li>\n<li><span style=\"font-size: 12pt;\">120 km inclusive (An-\/Abreise nach Volksdorf)(jeder weitere angefangene Kilometer wird mit 0,50\u20ac berechnet)<\/span><\/li>\n<li><span style=\"font-size: 12pt;\">Chauffeur inclusive<\/span><\/li>\n<li><span style=\"font-size: 12pt;\">Benzin inclusive<\/span><\/li>\n<li><span style=\"font-size: 12pt;\">M\u00f6glichkeit f\u00fcr ein Fotoshooting im Fahrzeug inclusive<\/span><\/li>\n<li><span style=\"font-size: 12pt;\">Preis: 400\u20ac<\/span><\/li>\n<\/ul>\n<p><span style=\"font-size: 12pt;\"><strong>Keines unserer Pakete passt f\u00fcr Ihre Hochzeit oder Ihr Event? Kein Problem &#8211; wir stellen Ihnen gerne ein individuelles Paket zusammen.<\/strong><\/span><\/p>\n","protected":false},"excerpt":{"rendered":"<p>Unser Service f\u00fcr Sie &#8211; w\u00e4hlen Sie aus folgenden Paketen: Paket 1: Ideal f\u00fcr die Fahrt in Ihre Flitterwochen &#8211; egal ob zum Hotel oder zum Flughafen Mietdauer: 2 Stunden (jede weitere angefangene Stunde wird mit 75,00\u20ac berechnet) 75 km &hellip; <a href=\"http:\/\/www.hochzeitsoldtimer-hamburg.de\/?page_id=17\">Weiterlesen <span class=\"meta-nav\">&rarr;<\/span><\/a><\/p>\n","protected":false},"author":1,"featured_media":0,"parent":0,"menu_order":0,"comment_status":"closed","ping_status":"open","template":"onecolumn-page.php","meta":{"ngg_post_thumbnail":0,"_themeisle_gutenberg_block_has_review":false,"footnotes":""},"class_list":["post-17","page","type-page","status-publish","hentry"],"_links":{"self":[{"href":"http:\/\/www.hochzeitsoldtimer-hamburg.de\/index.php?rest_route=\/wp\/v2\/pages\/17","targetHints":{"allow":["GET"]}}],"collection":[{"href":"http:\/\/www.hochzeitsoldtimer-hamburg.de\/index.php?rest_route=\/wp\/v2\/pages"}],"about":[{"href":"http:\/\/www.hochzeitsoldtimer-hamburg.de\/index.php?rest_route=\/wp\/v2\/types\/page"}],"author":[{"embeddable":true,"href":"http:\/\/www.hochzeitsoldtimer-hamburg.de\/index.php?rest_route=\/wp\/v2\/users\/1"}],"replies":[{"embeddable":true,"href":"http:\/\/www.hochzeitsoldtimer-hamburg.de\/index.php?rest_route=%2Fwp%2Fv2%2Fcomments&post=17"}],"version-history":[{"count":18,"href":"http:\/\/www.hochzeitsoldtimer-hamburg.de\/index.php?rest_route=\/wp\/v2\/pages\/17\/revisions"}],"predecessor-version":[{"id":220,"href":"http:\/\/www.hochzeitsoldtimer-hamburg.de\/index.php?rest_route=\/wp\/v2\/pages\/17\/revisions\/220"}],"wp:attachment":[{"href":"http:\/\/www.hochzeitsoldtimer-hamburg.de\/index.php?rest_route=%2Fwp%2Fv2%2Fmedia&parent=17"}],"curies":[{"name":"wp","href":"https:\/\/api.w.org\/{rel}","templated":true}]}}